{"id":37,"date":"2020-03-25T21:09:57","date_gmt":"2020-03-25T21:09:57","guid":{"rendered":"https:\/\/latvalafans.com\/?page_id=37"},"modified":"2020-03-31T08:20:21","modified_gmt":"2020-03-31T08:20:21","slug":"impressum-2","status":"publish","type":"page","link":"http:\/\/gastro-w.de\/?page_id=37","title":{"rendered":"Impressum"},"content":{"rendered":"\n<p>Eine nichtkommerzielle, private Initiative zur F\u00f6rderung der Gastronomie in Wagh\u00e4usel<\/p>\n\n\n\n<p>Jan Patrick Schuhmacher<\/p>\n\n\n\n<p>Kreuzstr. 52<\/p>\n\n\n\n<p>68753 Wagh\u00e4usel<\/p>\n\n\n\n<p>schuhmacher.jp@gmail.com<\/p>\n\n\n\n<p>Keine Gew\u00e4hr auf die Richtigkeit der Angaben. Dies betrifft insbesondere Adressdaten, \u00d6ffnungszeiten, Angebote und Preise. Die Daten wurden den Internetauftritten der Anbieter entnommen.<\/p>\n\n\n\n<p>Wenn Sie wollen, dass ich Ihr gastronomisches Angebot mit aufnehme, schreiben Sie mich kurz an und schicken Sie mir ein Logo und Bilder der Speisekarte. <\/p>\n\n\n\n<p>Sollten Sie nicht wollen, dass man Ihr Restaurant auf dieser Seite auff\u00fchrt, schreiben Sie mir kurz. Ich werde den Beitrag dann umgehend l\u00f6schen.<\/p>\n<div class='avc_visit_counter_front_simple' style=\" width: 100%; max-width: 200px; border: 2px solid #000000; color:#000000; background-color:#ffffff; border-radius: 0px; float: left; padding: 5px\">   Besuche 360170<\/div>","protected":false},"excerpt":{"rendered":"<p>Eine nichtkommerzielle, private Initiative zur F\u00f6rderung der Gastronomie in Wagh\u00e4usel Jan Patrick Schuhmacher Kreuzstr. 52 68753 Wagh\u00e4usel schuhmacher.jp@gmail.com Keine Gew\u00e4hr auf die Richtigkeit der Angaben. Dies betrifft insbesondere Adressdaten, \u00d6ffnungszeiten, Angebote und Preise. Die Daten wurden den Internetauftritten der Anbieter entnommen. Wenn Sie wollen, dass ich Ihr gastronomisches Angebot mit aufnehme, schreiben Sie mich kurz [&hellip;]<\/p>\n","protected":false},"author":1,"featured_media":0,"parent":0,"menu_order":0,"comment_status":"closed","ping_status":"closed","template":"","meta":[],"_links":{"self":[{"href":"http:\/\/gastro-w.de\/index.php?rest_route=\/wp\/v2\/pages\/37"}],"collection":[{"href":"http:\/\/gastro-w.de\/index.php?rest_route=\/wp\/v2\/pages"}],"about":[{"href":"http:\/\/gastro-w.de\/index.php?rest_route=\/wp\/v2\/types\/page"}],"author":[{"embeddable":true,"href":"http:\/\/gastro-w.de\/index.php?rest_route=\/wp\/v2\/users\/1"}],"replies":[{"embeddable":true,"href":"http:\/\/gastro-w.de\/index.php?rest_route=%2Fwp%2Fv2%2Fcomments&post=37"}],"version-history":[{"count":7,"href":"http:\/\/gastro-w.de\/index.php?rest_route=\/wp\/v2\/pages\/37\/revisions"}],"predecessor-version":[{"id":285,"href":"http:\/\/gastro-w.de\/index.php?rest_route=\/wp\/v2\/pages\/37\/revisions\/285"}],"wp:attachment":[{"href":"http:\/\/gastro-w.de\/index.php?rest_route=%2Fwp%2Fv2%2Fmedia&parent=37"}],"curies":[{"name":"wp","href":"https:\/\/api.w.org\/{rel}","templated":true}]}}